{"id":2738,"date":"2018-04-02T16:16:05","date_gmt":"2018-04-02T13:16:05","guid":{"rendered":"https:\/\/www.nessiletisim.com.tr\/produksiyon\/"},"modified":"2021-10-12T21:15:44","modified_gmt":"2021-10-12T18:15:44","slug":"production","status":"publish","type":"page","link":"https:\/\/www.nessiletisim.com.tr\/en\/production\/","title":{"rendered":"Production"},"content":{"rendered":"<div class=\"wpb-content-wrapper\"><p>[vc_row full_width=&#8221;stretch_row&#8221;][vc_column][vc_row_inner][vc_column_inner][vc_column_text]<img loading=\"lazy\" decoding=\"async\" class=\"aligncenter size-full wp-image-2658\" src=\"https:\/\/www.nessiletisim.com.tr\/wp-content\/uploads\/2018\/04\/produksiyon-icsayfa.jpg\" alt=\"\" width=\"610\" height=\"390\" srcset=\"https:\/\/www.nessiletisim.com.tr\/wp-content\/uploads\/2018\/04\/produksiyon-icsayfa.jpg 610w, https:\/\/www.nessiletisim.com.tr\/wp-content\/uploads\/2018\/04\/produksiyon-icsayfa-300x192.jpg 300w, https:\/\/www.nessiletisim.com.tr\/wp-content\/uploads\/2018\/04\/produksiyon-icsayfa-228x146.jpg 228w, https:\/\/www.nessiletisim.com.tr\/wp-content\/uploads\/2018\/04\/produksiyon-icsayfa-50x32.jpg 50w, https:\/\/www.nessiletisim.com.tr\/wp-content\/uploads\/2018\/04\/produksiyon-icsayfa-117x75.jpg 117w\" sizes=\"auto, (max-width:767px) 480px, 610px\" \/><\/p>\n<p>&#8220;Seeing is believing!&#8221; We produce promotional films, spots, social media films, documentaries, and TV programs that enhance your reputation and perception, and convey you with a creative perspective, with NeSS \u0130leti\u015fim&#8217;s strategic point of view and 5W 1H method. With our expert teams and state of the art equipment, we execute focused, creative work with special concepts. From our directors to our cinematographers, copywriters, voice actors, editing, music and aerial shots, we achieve fruitful results with a pleasant teamwork on each of our jobs. When we love what we do and work with love, the result of each of our productions is beautiful and impressive.[\/vc_column_text][\/vc_column_inner][\/vc_row_inner][vc_row_inner][vc_column_inner width=&#8221;1\/3&#8243;]<div class=\"cq-hovercard cq-rotateY  cq-hovercard-hideicon\" data-contentcolor=\"\" data-iconcolor=\"\" data-bgheight=\"240\" data-captionoffset=\"\" data-videowidth=\"800\" data-linktype=\"lightbox_custom\" data-bgtype=\"image\" data-lightboxmargin=\"\"><a href=\"https:\/\/www.youtube.com\/watch?v=2VgJZprZa0o&amp;autoplay=1\" class=\"cq-hovercard-lightbox\" title=\"\"><div class=\"cq-hovercard-textcontainer\"><div class=\"cq-hovercard-title\">\u0130lkbahar<\/div><div class=\"cq-hovercard-content\">D\u00f6rt Mevsim Bolu<\/div><i class=\"cq-hovercard-icon fa fa-video-camera\"><\/i><\/div><\/a><\/div>[\/vc_column_inner][vc_column_inner width=&#8221;1\/3&#8243;]<div class=\"cq-hovercard cq-rotateY  cq-hovercard-hideicon\" data-contentcolor=\"\" data-iconcolor=\"\" data-bgheight=\"240\" data-captionoffset=\"\" data-videowidth=\"800\" data-linktype=\"lightbox_custom\" data-bgtype=\"image\" data-lightboxmargin=\"\"><a href=\"https:\/\/www.youtube.com\/watch?v=4KzoSz7Oq4c&amp;autoplay=1\" class=\"cq-hovercard-lightbox\" title=\"\"><div class=\"cq-hovercard-textcontainer\"><div class=\"cq-hovercard-title\">Yaz<\/div><div class=\"cq-hovercard-content\">D\u00f6rt Mevsim Bolu<\/div><i class=\"cq-hovercard-icon fa fa-video-camera\"><\/i><\/div><\/a><\/div>[\/vc_column_inner][vc_column_inner width=&#8221;1\/3&#8243;]<div class=\"cq-hovercard cq-rotateY  cq-hovercard-hideicon\" data-contentcolor=\"\" data-iconcolor=\"\" data-bgheight=\"240\" data-captionoffset=\"\" data-videowidth=\"800\" data-linktype=\"lightbox_custom\" data-bgtype=\"image\" data-lightboxmargin=\"\"><a href=\"https:\/\/www.youtube.com\/watch?v=tg758Ritop4&amp;autoplay=1\" class=\"cq-hovercard-lightbox\" title=\"\"><div class=\"cq-hovercard-textcontainer\"><div class=\"cq-hovercard-title\">K\u0131\u015f<\/div><div class=\"cq-hovercard-content\">D\u00f6rt Mevsim Bolu<\/div><i class=\"cq-hovercard-icon fa fa-video-camera\"><\/i><\/div><\/a><\/div>[\/vc_column_inner][\/vc_row_inner][vc_row_inner][vc_column_inner width=&#8221;1\/3&#8243;]<div class=\"cq-hovercard cq-rotateY  cq-hovercard-hideicon\" data-contentcolor=\"\" data-iconcolor=\"\" data-bgheight=\"240\" data-captionoffset=\"\" data-videowidth=\"800\" data-linktype=\"lightbox_custom\" data-bgtype=\"image\" data-lightboxmargin=\"\"><a href=\"https:\/\/www.youtube.com\/watch?v=G2Ak5XjEFrg&amp;autoplay=1\" class=\"cq-hovercard-lightbox\" title=\"\"><img decoding=\"async\" src=\"https:\/\/www.nessiletisim.com.tr\/wp-content\/uploads\/2018\/04\/G2Ak5XjEFrg.jpg\" class=\"cq-hovercard-background\" alt=\"\" \/><div class=\"cq-hovercard-textcontainer\"><div class=\"cq-hovercard-title\">Sonbahar<\/div><div class=\"cq-hovercard-content\">D\u00f6rt Mevsim Bolu<\/div><i class=\"cq-hovercard-icon fa fa-video-camera\"><\/i><\/div><\/a><\/div>[\/vc_column_inner][vc_column_inner width=&#8221;1\/3&#8243;]<div class=\"cq-hovercard cq-rotateY  cq-hovercard-hideicon\" data-contentcolor=\"\" data-iconcolor=\"\" data-bgheight=\"240\" data-captionoffset=\"\" data-videowidth=\"800\" data-linktype=\"lightbox_custom\" data-bgtype=\"image\" data-lightboxmargin=\"\"><a href=\"https:\/\/www.youtube.com\/watch?v=gfCPBB1o7A4&amp;autoplay=1\" class=\"cq-hovercard-lightbox\" title=\"\"><img decoding=\"async\" src=\"https:\/\/www.nessiletisim.com.tr\/wp-content\/uploads\/2018\/04\/gfCPBB1o7A4.jpg\" class=\"cq-hovercard-background\" alt=\"\" \/><div class=\"cq-hovercard-textcontainer\"><div class=\"cq-hovercard-title\">G\u00f6zlerimle G\u00f6rd\u00fcm<\/div><div class=\"cq-hovercard-content\">Fransa'da N\u00fckleer \u0130le Ya\u015fam Belgeseli<\/div><i class=\"cq-hovercard-icon fa fa-video-camera\"><\/i><\/div><\/a><\/div>[\/vc_column_inner][vc_column_inner width=&#8221;1\/3&#8243;]<div class=\"cq-hovercard cq-rotateY  cq-hovercard-hideicon\" data-contentcolor=\"\" data-iconcolor=\"\" data-bgheight=\"240\" data-captionoffset=\"\" data-videowidth=\"800\" data-linktype=\"lightbox_custom\" data-bgtype=\"image\" data-lightboxmargin=\"\"><a href=\"https:\/\/www.youtube.com\/watch?v=lK-WjuzuhxI&amp;autoplay=1\" class=\"cq-hovercard-lightbox\" title=\"\"><img decoding=\"async\" src=\"https:\/\/www.nessiletisim.com.tr\/wp-content\/uploads\/2018\/04\/lK-WjuzuhxI.jpg\" class=\"cq-hovercard-background\" alt=\"\" \/><div class=\"cq-hovercard-textcontainer\"><div class=\"cq-hovercard-title\">N\u00fckleer Ser\u00fcveninin \u0130lk Kahramanlar\u0131<\/div><div class=\"cq-hovercard-content\">Belgesel<\/div><i class=\"cq-hovercard-icon fa fa-video-camera\"><\/i><\/div><\/a><\/div>[\/vc_column_inner][\/vc_row_inner][vc_row_inner][vc_column_inner width=&#8221;1\/3&#8243;]<div class=\"cq-hovercard cq-rotateY  cq-hovercard-hideicon\" data-contentcolor=\"\" data-iconcolor=\"\" data-bgheight=\"240\" data-captionoffset=\"\" data-videowidth=\"800\" data-linktype=\"lightbox_custom\" data-bgtype=\"image\" data-lightboxmargin=\"\"><a href=\"https:\/\/www.youtube.com\/watch?v=mrkp5UnAVps&amp;autoplay=1\" class=\"cq-hovercard-lightbox\" title=\"\"><img decoding=\"async\" src=\"https:\/\/www.nessiletisim.com.tr\/wp-content\/uploads\/2018\/04\/mrkp5UnAVps.jpg\" class=\"cq-hovercard-background\" alt=\"\" \/><div class=\"cq-hovercard-textcontainer\"><div class=\"cq-hovercard-title\">N\u00fckleer Ser\u00fcveninin \u0130lk Kahramanlar\u0131<\/div><div class=\"cq-hovercard-content\">Fragman<\/div><i class=\"cq-hovercard-icon fa fa-video-camera\"><\/i><\/div><\/a><\/div>[\/vc_column_inner][vc_column_inner width=&#8221;1\/3&#8243;]<div class=\"cq-hovercard cq-rotateY  cq-hovercard-hideicon\" data-contentcolor=\"\" data-iconcolor=\"\" data-bgheight=\"240\" data-captionoffset=\"\" data-videowidth=\"800\" data-linktype=\"lightbox_custom\" data-bgtype=\"image\" data-lightboxmargin=\"\"><a href=\"https:\/\/www.youtube.com\/watch?v=QJp6xoOggxs&amp;autoplay=1\" class=\"cq-hovercard-lightbox\" title=\"\"><img decoding=\"async\" src=\"https:\/\/www.nessiletisim.com.tr\/wp-content\/uploads\/2018\/04\/QJp6xoOggxs.jpg\" class=\"cq-hovercard-background\" alt=\"\" \/><div class=\"cq-hovercard-textcontainer\"><div class=\"cq-hovercard-title\">Bir \u015eampiyona Hikayesi<\/div><div class=\"cq-hovercard-content\">T\u00fcrkiye Satran\u00e7 Turnuvas\u0131<\/div><i class=\"cq-hovercard-icon fa fa-video-camera\"><\/i><\/div><\/a><\/div>[\/vc_column_inner][vc_column_inner width=&#8221;1\/3&#8243;][\/vc_column_inner][\/vc_row_inner][\/vc_column][\/vc_row]<\/p>\n<\/div>","protected":false},"excerpt":{"rendered":"<p>[vc_row full_width=&#8221;stretch_row&#8221;][vc_column][vc_row_inner][vc_column_inner][vc_column_text] &#8220;Seeing is believing!&#8221; We produce promotional films, spots, social media films, documentaries, and TV programs that enhance your reputation and perception, and convey you<span class=\"excerpt-hellip\"> [\u2026]<\/span><\/p>\n","protected":false},"author":1,"featured_media":0,"parent":0,"menu_order":0,"comment_status":"closed","ping_status":"closed","template":"","meta":{"rs_blank_template":"","rs_page_bg_color":"","slide_template_v7":"","footnotes":""},"class_list":["post-2738","page","type-page","status-publish","hentry"],"yoast_head":"<!-- This site is optimized with the Yoast SEO plugin v27.4 - https:\/\/yoast.com\/product\/yoast-seo-wordpress\/ -->\n<title>Production - Ness \u0130leti\u015fim PR Agency<\/title>\n<meta name=\"robots\" content=\"index, follow, max-snippet:-1, max-image-preview:large, max-video-preview:-1\" \/>\n<link rel=\"canonical\" href=\"https:\/\/www.nessiletisim.com.tr\/en\/production\/\" \/>\n<meta property=\"og:locale\" content=\"en_US\" \/>\n<meta property=\"og:type\" content=\"article\" \/>\n<meta property=\"og:title\" content=\"Production - Ness \u0130leti\u015fim PR Agency\" \/>\n<meta property=\"og:description\" content=\"[vc_row full_width=&#8221;stretch_row&#8221;][vc_column][vc_row_inner][vc_column_inner][vc_column_text] &#8220;Seeing is believing!&#8221; We produce promotional films, spots, social media films, documentaries, and TV programs that enhance your reputation and perception, and convey you [\u2026]\" \/>\n<meta property=\"og:url\" content=\"https:\/\/www.nessiletisim.com.tr\/en\/production\/\" \/>\n<meta property=\"og:site_name\" content=\"Ness \u0130leti\u015fim PR Agency\" \/>\n<meta property=\"article:publisher\" content=\"https:\/\/www.facebook.com\/NeSSIletisim\/\" \/>\n<meta property=\"article:modified_time\" content=\"2021-10-12T18:15:44+00:00\" \/>\n<meta property=\"og:image\" content=\"https:\/\/www.nessiletisim.com.tr\/wp-content\/uploads\/2018\/04\/produksiyon-icsayfa.jpg\" \/>\n<meta name=\"twitter:card\" content=\"summary_large_image\" \/>\n<meta name=\"twitter:site\" content=\"@NeSSiletism\" \/>\n<meta name=\"twitter:label1\" content=\"Est. reading time\" \/>\n\t<meta name=\"twitter:data1\" content=\"2 minutes\" \/>\n<script type=\"application\/ld+json\" class=\"yoast-schema-graph\">{\"@context\":\"https:\\\/\\\/schema.org\",\"@graph\":[{\"@type\":\"WebPage\",\"@id\":\"https:\\\/\\\/www.nessiletisim.com.tr\\\/en\\\/production\\\/\",\"url\":\"https:\\\/\\\/www.nessiletisim.com.tr\\\/en\\\/production\\\/\",\"name\":\"Production - Ness \u0130leti\u015fim PR Agency\",\"isPartOf\":{\"@id\":\"https:\\\/\\\/www.nessiletisim.com.tr\\\/#website\"},\"primaryImageOfPage\":{\"@id\":\"https:\\\/\\\/www.nessiletisim.com.tr\\\/en\\\/production\\\/#primaryimage\"},\"image\":{\"@id\":\"https:\\\/\\\/www.nessiletisim.com.tr\\\/en\\\/production\\\/#primaryimage\"},\"thumbnailUrl\":\"https:\\\/\\\/www.nessiletisim.com.tr\\\/wp-content\\\/uploads\\\/2018\\\/04\\\/produksiyon-icsayfa.jpg\",\"datePublished\":\"2018-04-02T13:16:05+00:00\",\"dateModified\":\"2021-10-12T18:15:44+00:00\",\"breadcrumb\":{\"@id\":\"https:\\\/\\\/www.nessiletisim.com.tr\\\/en\\\/production\\\/#breadcrumb\"},\"inLanguage\":\"en-US\",\"potentialAction\":[{\"@type\":\"ReadAction\",\"target\":[\"https:\\\/\\\/www.nessiletisim.com.tr\\\/en\\\/production\\\/\"]}]},{\"@type\":\"ImageObject\",\"inLanguage\":\"en-US\",\"@id\":\"https:\\\/\\\/www.nessiletisim.com.tr\\\/en\\\/production\\\/#primaryimage\",\"url\":\"https:\\\/\\\/www.nessiletisim.com.tr\\\/wp-content\\\/uploads\\\/2018\\\/04\\\/produksiyon-icsayfa.jpg\",\"contentUrl\":\"https:\\\/\\\/www.nessiletisim.com.tr\\\/wp-content\\\/uploads\\\/2018\\\/04\\\/produksiyon-icsayfa.jpg\"},{\"@type\":\"BreadcrumbList\",\"@id\":\"https:\\\/\\\/www.nessiletisim.com.tr\\\/en\\\/production\\\/#breadcrumb\",\"itemListElement\":[{\"@type\":\"ListItem\",\"position\":1,\"name\":\"Ana sayfa\",\"item\":\"https:\\\/\\\/www.nessiletisim.com.tr\\\/en\\\/anasayfa-2\\\/\"},{\"@type\":\"ListItem\",\"position\":2,\"name\":\"Production\"}]},{\"@type\":\"WebSite\",\"@id\":\"https:\\\/\\\/www.nessiletisim.com.tr\\\/#website\",\"url\":\"https:\\\/\\\/www.nessiletisim.com.tr\\\/\",\"name\":\"Ness \u0130leti\u015fim PR Agency\",\"description\":\"\",\"publisher\":{\"@id\":\"https:\\\/\\\/www.nessiletisim.com.tr\\\/#organization\"},\"potentialAction\":[{\"@type\":\"SearchAction\",\"target\":{\"@type\":\"EntryPoint\",\"urlTemplate\":\"https:\\\/\\\/www.nessiletisim.com.tr\\\/?s={search_term_string}\"},\"query-input\":{\"@type\":\"PropertyValueSpecification\",\"valueRequired\":true,\"valueName\":\"search_term_string\"}}],\"inLanguage\":\"en-US\"},{\"@type\":\"Organization\",\"@id\":\"https:\\\/\\\/www.nessiletisim.com.tr\\\/#organization\",\"name\":\"NeSS \u0130leti\u015fim\",\"url\":\"https:\\\/\\\/www.nessiletisim.com.tr\\\/\",\"logo\":{\"@type\":\"ImageObject\",\"inLanguage\":\"en-US\",\"@id\":\"https:\\\/\\\/www.nessiletisim.com.tr\\\/#\\\/schema\\\/logo\\\/image\\\/\",\"url\":\"https:\\\/\\\/www.nessiletisim.com.tr\\\/wp-content\\\/uploads\\\/2018\\\/02\\\/logo.png\",\"contentUrl\":\"https:\\\/\\\/www.nessiletisim.com.tr\\\/wp-content\\\/uploads\\\/2018\\\/02\\\/logo.png\",\"width\":114,\"height\":85,\"caption\":\"NeSS \u0130leti\u015fim\"},\"image\":{\"@id\":\"https:\\\/\\\/www.nessiletisim.com.tr\\\/#\\\/schema\\\/logo\\\/image\\\/\"},\"sameAs\":[\"https:\\\/\\\/www.facebook.com\\\/NeSSIletisim\\\/\",\"https:\\\/\\\/x.com\\\/NeSSiletism\",\"https:\\\/\\\/www.instagram.com\\\/nessiletisim\\\/\",\"https:\\\/\\\/www.linkedin.com\\\/company\\\/ness-ileti\u015fim-ve-medya-hizmetleri-ltd--\u015fti\\\/\",\"https:\\\/\\\/www.youtube.com\\\/user\\\/NeSSiLETiSiM\"]}]}<\/script>\n<!-- \/ Yoast SEO plugin. -->","yoast_head_json":{"title":"Production - Ness \u0130leti\u015fim PR Agency","robots":{"index":"index","follow":"follow","max-snippet":"max-snippet:-1","max-image-preview":"max-image-preview:large","max-video-preview":"max-video-preview:-1"},"canonical":"https:\/\/www.nessiletisim.com.tr\/en\/production\/","og_locale":"en_US","og_type":"article","og_title":"Production - Ness \u0130leti\u015fim PR Agency","og_description":"[vc_row full_width=&#8221;stretch_row&#8221;][vc_column][vc_row_inner][vc_column_inner][vc_column_text] &#8220;Seeing is believing!&#8221; We produce promotional films, spots, social media films, documentaries, and TV programs that enhance your reputation and perception, and convey you [\u2026]","og_url":"https:\/\/www.nessiletisim.com.tr\/en\/production\/","og_site_name":"Ness \u0130leti\u015fim PR Agency","article_publisher":"https:\/\/www.facebook.com\/NeSSIletisim\/","article_modified_time":"2021-10-12T18:15:44+00:00","og_image":[{"url":"https:\/\/www.nessiletisim.com.tr\/wp-content\/uploads\/2018\/04\/produksiyon-icsayfa.jpg","type":"","width":"","height":""}],"twitter_card":"summary_large_image","twitter_site":"@NeSSiletism","twitter_misc":{"Est. reading time":"2 minutes"},"schema":{"@context":"https:\/\/schema.org","@graph":[{"@type":"WebPage","@id":"https:\/\/www.nessiletisim.com.tr\/en\/production\/","url":"https:\/\/www.nessiletisim.com.tr\/en\/production\/","name":"Production - Ness \u0130leti\u015fim PR Agency","isPartOf":{"@id":"https:\/\/www.nessiletisim.com.tr\/#website"},"primaryImageOfPage":{"@id":"https:\/\/www.nessiletisim.com.tr\/en\/production\/#primaryimage"},"image":{"@id":"https:\/\/www.nessiletisim.com.tr\/en\/production\/#primaryimage"},"thumbnailUrl":"https:\/\/www.nessiletisim.com.tr\/wp-content\/uploads\/2018\/04\/produksiyon-icsayfa.jpg","datePublished":"2018-04-02T13:16:05+00:00","dateModified":"2021-10-12T18:15:44+00:00","breadcrumb":{"@id":"https:\/\/www.nessiletisim.com.tr\/en\/production\/#breadcrumb"},"inLanguage":"en-US","potentialAction":[{"@type":"ReadAction","target":["https:\/\/www.nessiletisim.com.tr\/en\/production\/"]}]},{"@type":"ImageObject","inLanguage":"en-US","@id":"https:\/\/www.nessiletisim.com.tr\/en\/production\/#primaryimage","url":"https:\/\/www.nessiletisim.com.tr\/wp-content\/uploads\/2018\/04\/produksiyon-icsayfa.jpg","contentUrl":"https:\/\/www.nessiletisim.com.tr\/wp-content\/uploads\/2018\/04\/produksiyon-icsayfa.jpg"},{"@type":"BreadcrumbList","@id":"https:\/\/www.nessiletisim.com.tr\/en\/production\/#breadcrumb","itemListElement":[{"@type":"ListItem","position":1,"name":"Ana sayfa","item":"https:\/\/www.nessiletisim.com.tr\/en\/anasayfa-2\/"},{"@type":"ListItem","position":2,"name":"Production"}]},{"@type":"WebSite","@id":"https:\/\/www.nessiletisim.com.tr\/#website","url":"https:\/\/www.nessiletisim.com.tr\/","name":"Ness \u0130leti\u015fim PR Agency","description":"","publisher":{"@id":"https:\/\/www.nessiletisim.com.tr\/#organization"},"potentialAction":[{"@type":"SearchAction","target":{"@type":"EntryPoint","urlTemplate":"https:\/\/www.nessiletisim.com.tr\/?s={search_term_string}"},"query-input":{"@type":"PropertyValueSpecification","valueRequired":true,"valueName":"search_term_string"}}],"inLanguage":"en-US"},{"@type":"Organization","@id":"https:\/\/www.nessiletisim.com.tr\/#organization","name":"NeSS \u0130leti\u015fim","url":"https:\/\/www.nessiletisim.com.tr\/","logo":{"@type":"ImageObject","inLanguage":"en-US","@id":"https:\/\/www.nessiletisim.com.tr\/#\/schema\/logo\/image\/","url":"https:\/\/www.nessiletisim.com.tr\/wp-content\/uploads\/2018\/02\/logo.png","contentUrl":"https:\/\/www.nessiletisim.com.tr\/wp-content\/uploads\/2018\/02\/logo.png","width":114,"height":85,"caption":"NeSS \u0130leti\u015fim"},"image":{"@id":"https:\/\/www.nessiletisim.com.tr\/#\/schema\/logo\/image\/"},"sameAs":["https:\/\/www.facebook.com\/NeSSIletisim\/","https:\/\/x.com\/NeSSiletism","https:\/\/www.instagram.com\/nessiletisim\/","https:\/\/www.linkedin.com\/company\/ness-ileti\u015fim-ve-medya-hizmetleri-ltd--\u015fti\/","https:\/\/www.youtube.com\/user\/NeSSiLETiSiM"]}]}},"_links":{"self":[{"href":"https:\/\/www.nessiletisim.com.tr\/en\/wp-json\/wp\/v2\/pages\/2738","targetHints":{"allow":["GET"]}}],"collection":[{"href":"https:\/\/www.nessiletisim.com.tr\/en\/wp-json\/wp\/v2\/pages"}],"about":[{"href":"https:\/\/www.nessiletisim.com.tr\/en\/wp-json\/wp\/v2\/types\/page"}],"author":[{"embeddable":true,"href":"https:\/\/www.nessiletisim.com.tr\/en\/wp-json\/wp\/v2\/users\/1"}],"replies":[{"embeddable":true,"href":"https:\/\/www.nessiletisim.com.tr\/en\/wp-json\/wp\/v2\/comments?post=2738"}],"version-history":[{"count":0,"href":"https:\/\/www.nessiletisim.com.tr\/en\/wp-json\/wp\/v2\/pages\/2738\/revisions"}],"wp:attachment":[{"href":"https:\/\/www.nessiletisim.com.tr\/en\/wp-json\/wp\/v2\/media?parent=2738"}],"curies":[{"name":"wp","href":"https:\/\/api.w.org\/{rel}","templated":true}]}}